{"id":872,"date":"2022-05-19T16:43:13","date_gmt":"2022-05-19T14:43:13","guid":{"rendered":"https:\/\/imk-ic.de\/?page_id=872"},"modified":"2024-11-18T11:10:47","modified_gmt":"2024-11-18T10:10:47","slug":"ueber-das-unternehmen","status":"publish","type":"page","link":"https:\/\/imk-ic.de\/en\/ueber-das-unternehmen\/","title":{"rendered":"About the company"},"content":{"rendered":"<div data-elementor-type=\"wp-page\" data-elementor-id=\"872\" class=\"elementor elementor-872\" data-elementor-post-type=\"page\">\n\t\t\t\t\t\t<section class=\"elementor-section elementor-top-section elementor-element elementor-element-9586727 elementor-section-content-middle elementor-section-boxed elementor-section-height-default elementor-section-height-default\" data-id=\"9586727\" data-element_type=\"section\" data-e-type=\"section\" data-settings=\"{&quot;background_background&quot;:&quot;classic&quot;}\">\n\t\t\t\t\t\t\t<div class=\"elementor-background-overlay\"><\/div>\n\t\t\t\t\t\t\t<div class=\"elementor-container elementor-column-gap-default\">\n\t\t\t\t\t<div class=\"elementor-column elementor-col-100 elementor-top-column elementor-element elementor-element-29a1acc\" data-id=\"29a1acc\" data-element_type=\"column\" data-e-type=\"column\">\n\t\t\t<div class=\"elementor-widget-wrap elementor-element-populated\">\n\t\t\t\t\t\t<div class=\"elementor-element elementor-element-5a8a43c elementor-widget elementor-widget-heading\" data-id=\"5a8a43c\" data-element_type=\"widget\" data-e-type=\"widget\" data-widget_type=\"heading.default\">\n\t\t\t\t\t<h1 class=\"elementor-heading-title elementor-size-default\">About the company<\/h1>\t\t\t\t<\/div>\n\t\t\t\t<div class=\"elementor-element elementor-element-f2d6adb elementor-widget elementor-widget-text-editor\" data-id=\"f2d6adb\" data-element_type=\"widget\" data-e-type=\"widget\" data-widget_type=\"text-editor.default\">\n\t\t\t\t\t\t\t\t\t<div class=\"ce_text block\"><div class=\"ce_text-inside\"><p>It is the uniqueness that gives our company character. It inspires our success and distinguishes us as what we are.<\/p><\/div><\/div>\t\t\t\t\t\t\t\t<\/div>\n\t\t\t\t<section class=\"elementor-section elementor-inner-section elementor-element elementor-element-bac7560 elementor-section-boxed elementor-section-height-default elementor-section-height-default\" data-id=\"bac7560\" data-element_type=\"section\" data-e-type=\"section\">\n\t\t\t\t\t\t<div class=\"elementor-container elementor-column-gap-no\">\n\t\t\t\t\t<div class=\"elementor-column elementor-col-100 elementor-inner-column elementor-element elementor-element-3bb6eb2\" data-id=\"3bb6eb2\" data-element_type=\"column\" data-e-type=\"column\">\n\t\t\t<div class=\"elementor-widget-wrap elementor-element-populated\">\n\t\t\t\t\t\t<div class=\"elementor-element elementor-element-081a451 elementor-widget__width-auto elementor-widget elementor-widget-button\" data-id=\"081a451\" data-element_type=\"widget\" data-e-type=\"widget\" data-widget_type=\"button.default\">\n\t\t\t\t\t\t\t\t\t\t<a class=\"elementor-button elementor-button-link elementor-size-lg\" href=\"https:\/\/imk-ic.de\/en\/historie\/\">\n\t\t\t\t\t\t<span class=\"elementor-button-content-wrapper\">\n\t\t\t\t\t\t<span class=\"elementor-button-icon\">\n\t\t\t\t<i aria-hidden=\"true\" class=\"fas fa-long-arrow-alt-right\"><\/i>\t\t\t<\/span>\n\t\t\t\t\t\t\t\t\t<span class=\"elementor-button-text\">Company history<\/span>\n\t\t\t\t\t<\/span>\n\t\t\t\t\t<\/a>\n\t\t\t\t\t\t\t\t<\/div>\n\t\t\t\t<div class=\"elementor-element elementor-element-a4aa612 elementor-widget__width-auto elementor-widget elementor-widget-button\" data-id=\"a4aa612\" data-element_type=\"widget\" data-e-type=\"widget\" data-widget_type=\"button.default\">\n\t\t\t\t\t\t\t\t\t\t<a class=\"elementor-button elementor-button-link elementor-size-lg\" href=\"https:\/\/imk-ic.de\/en\/historie\/geschichte-der-merkelfabrik\/\">\n\t\t\t\t\t\t<span class=\"elementor-button-content-wrapper\">\n\t\t\t\t\t\t<span class=\"elementor-button-icon\">\n\t\t\t\t<i aria-hidden=\"true\" class=\"fas fa-long-arrow-alt-right\"><\/i>\t\t\t<\/span>\n\t\t\t\t\t\t\t\t\t<span class=\"elementor-button-text\">History of the headquarters<\/span>\n\t\t\t\t\t<\/span>\n\t\t\t\t\t<\/a>\n\t\t\t\t\t\t\t\t<\/div>\n\t\t\t\t<div class=\"elementor-element elementor-element-5379a20 elementor-widget__width-auto elementor-widget elementor-widget-button\" data-id=\"5379a20\" data-element_type=\"widget\" data-e-type=\"widget\" data-widget_type=\"button.default\">\n\t\t\t\t\t\t\t\t\t\t<a class=\"elementor-button elementor-button-link elementor-size-lg\" href=\"https:\/\/imk-ic.de\/en\/news-presse\/\">\n\t\t\t\t\t\t<span class=\"elementor-button-content-wrapper\">\n\t\t\t\t\t\t<span class=\"elementor-button-icon\">\n\t\t\t\t<i aria-hidden=\"true\" class=\"fas fa-long-arrow-alt-right\"><\/i>\t\t\t<\/span>\n\t\t\t\t\t\t\t\t\t<span class=\"elementor-button-text\">News\/Press<\/span>\n\t\t\t\t\t<\/span>\n\t\t\t\t\t<\/a>\n\t\t\t\t\t\t\t\t<\/div>\n\t\t\t\t\t<\/div>\n\t\t<\/div>\n\t\t\t\t\t<\/div>\n\t\t<\/section>\n\t\t\t\t\t<\/div>\n\t\t<\/div>\n\t\t\t\t\t<\/div>\n\t\t<\/section>\n\t\t\t\t<section class=\"elementor-section elementor-top-section elementor-element elementor-element-f73b3c8 elementor-section-content-middle elementor-section-boxed elementor-section-height-default elementor-section-height-default\" data-id=\"f73b3c8\" data-element_type=\"section\" data-e-type=\"section\" data-settings=\"{&quot;background_background&quot;:&quot;classic&quot;}\">\n\t\t\t\t\t\t<div class=\"elementor-container elementor-column-gap-default\">\n\t\t\t\t\t<div class=\"elementor-column elementor-col-50 elementor-top-column elementor-element elementor-element-0aaf44d\" data-id=\"0aaf44d\" data-element_type=\"column\" data-e-type=\"column\">\n\t\t\t<div class=\"elementor-widget-wrap elementor-element-populated\">\n\t\t\t\t\t\t<div class=\"elementor-element elementor-element-7f74fde elementor-widget elementor-widget-heading\" data-id=\"7f74fde\" data-element_type=\"widget\" data-e-type=\"widget\" data-widget_type=\"heading.default\">\n\t\t\t\t\t<h2 class=\"elementor-heading-title elementor-size-default\">About the imk Group<\/h2>\t\t\t\t<\/div>\n\t\t\t\t<div class=\"elementor-element elementor-element-fd6705e elementor-widget elementor-widget-text-editor\" data-id=\"fd6705e\" data-element_type=\"widget\" data-e-type=\"widget\" data-widget_type=\"text-editor.default\">\n\t\t\t\t\t\t\t\t\t<p>Active in the project business for high technology since 2002, the imk Group is one of the best experts for product development in the field of medical and transmission technology as well as production planning, ergonomics consulting and software development in the context of the digital factory. We develop innovative product concepts, efficient manufacturing processes, sustainable ergonomic solutions and modern methods and innovative solutions for integrated factory planning and material flow planning through to virtual production and assembly planning and workplace design for our customers all over the world. The imk Group is active in the Industry and Health divisions.<\/p><p>The <a href=\"https:\/\/imk-industrial-intelligence.com\/\">imk Industrial Intelligence<\/a> primarily acts as a manufacturer of well thought-out IT solutions. It develops products and production processes for the industrial sector such as the automotive and aviation industries or mechanical engineering.<br \/>In the software-supported simulation of human labour, it is the market leader with its product the <a href=\"https:\/\/imk-ema.com\/\">ema Software Suite<\/a> technology leader and is constantly working to further extend this lead.<\/p><p>The<a href=\"https:\/\/imk-health-intelligence.de\/\"> imk Health Intelligence<\/a> is active in the field of medical and gear technology. Among other things, it develops and produces special gearboxes and drive solutions for active assistance systems (exoskeletons) and for robot-assisted surgery, which are used in minimally invasive surgical procedures. With the specially developed software <a href=\"https:\/\/imk-nextgear.com\/\">next|gear<\/a> we have taken the design of gearboxes to a new level and are able to optimise gearings.\u00a0<\/p>\t\t\t\t\t\t\t\t<\/div>\n\t\t\t\t\t<\/div>\n\t\t<\/div>\n\t\t\t\t<div class=\"elementor-column elementor-col-50 elementor-top-column elementor-element elementor-element-53ea7ec\" data-id=\"53ea7ec\" data-element_type=\"column\" data-e-type=\"column\">\n\t\t\t<div class=\"elementor-widget-wrap elementor-element-populated\">\n\t\t\t\t\t\t<div class=\"elementor-element elementor-element-d94035b elementor-widget elementor-widget-gallery\" data-id=\"d94035b\" data-element_type=\"widget\" data-e-type=\"widget\" data-settings=\"{&quot;columns&quot;:2,&quot;columns_tablet&quot;:3,&quot;columns_mobile&quot;:2,&quot;lazyload&quot;:&quot;yes&quot;,&quot;gallery_layout&quot;:&quot;grid&quot;,&quot;gap&quot;:{&quot;unit&quot;:&quot;px&quot;,&quot;size&quot;:10,&quot;sizes&quot;:[]},&quot;gap_tablet&quot;:{&quot;unit&quot;:&quot;px&quot;,&quot;size&quot;:10,&quot;sizes&quot;:[]},&quot;gap_mobile&quot;:{&quot;unit&quot;:&quot;px&quot;,&quot;size&quot;:10,&quot;sizes&quot;:[]},&quot;link_to&quot;:&quot;file&quot;,&quot;aspect_ratio&quot;:&quot;3:2&quot;,&quot;overlay_background&quot;:&quot;yes&quot;,&quot;content_hover_animation&quot;:&quot;fade-in&quot;}\" data-widget_type=\"gallery.default\">\n\t\t\t\t\t\t\t<div class=\"elementor-gallery__container\">\n\t\t\t\t\t\t\t<a class=\"e-gallery-item elementor-gallery-item elementor-animated-content\" href=\"https:\/\/imk-ic.de\/wp-content\/uploads\/2022\/05\/imk_automotive_9582__small-1.jpg\" data-elementor-open-lightbox=\"yes\" data-elementor-lightbox-slideshow=\"d94035b\" data-elementor-lightbox-title=\"imk_automotive_9582__small\" data-e-action-hash=\"#elementor-action%3Aaction%3Dlightbox%26settings%3DeyJpZCI6ODUyLCJ1cmwiOiJodHRwczpcL1wvaW1rLWljLmRlXC93cC1jb250ZW50XC91cGxvYWRzXC8yMDIyXC8wNVwvaW1rX2F1dG9tb3RpdmVfOTU4Ml9fc21hbGwtMS5qcGciLCJzbGlkZXNob3ciOiJkOTQwMzViIn0%3D\">\n\t\t\t\t\t<div class=\"e-gallery-image elementor-gallery-item__image\" data-thumbnail=\"https:\/\/imk-ic.de\/wp-content\/uploads\/2022\/05\/imk_automotive_9582__small-1-768x432.jpg\" data-width=\"768\" data-height=\"432\" aria-label=\"\" role=\"img\" ><\/div>\n\t\t\t\t\t\t\t\t\t\t\t<div class=\"elementor-gallery-item__overlay\"><\/div>\n\t\t\t\t\t\t\t\t\t\t\t\t\t\t<\/a>\n\t\t\t\t\t\t\t<a class=\"e-gallery-item elementor-gallery-item elementor-animated-content\" href=\"https:\/\/imk-ic.de\/wp-content\/uploads\/2024\/11\/Technikum_front.png\" data-elementor-open-lightbox=\"yes\" data-elementor-lightbox-slideshow=\"d94035b\" data-elementor-lightbox-title=\"Technikum_front\" data-e-action-hash=\"#elementor-action%3Aaction%3Dlightbox%26settings%3DeyJpZCI6MzAxNSwidXJsIjoiaHR0cHM6XC9cL2ltay1pYy5kZVwvd3AtY29udGVudFwvdXBsb2Fkc1wvMjAyNFwvMTFcL1RlY2huaWt1bV9mcm9udC5wbmciLCJzbGlkZXNob3ciOiJkOTQwMzViIn0%3D\">\n\t\t\t\t\t<div class=\"e-gallery-image elementor-gallery-item__image\" data-thumbnail=\"https:\/\/imk-ic.de\/wp-content\/uploads\/2024\/11\/Technikum_front-768x578.png\" data-width=\"768\" data-height=\"578\" aria-label=\"\" role=\"img\" ><\/div>\n\t\t\t\t\t\t\t\t\t\t\t<div class=\"elementor-gallery-item__overlay\"><\/div>\n\t\t\t\t\t\t\t\t\t\t\t\t\t\t<\/a>\n\t\t\t\t\t\t\t<a class=\"e-gallery-item elementor-gallery-item elementor-animated-content\" href=\"https:\/\/imk-ic.de\/wp-content\/uploads\/2022\/05\/Meeting_outdoor.jpg\" data-elementor-open-lightbox=\"yes\" data-elementor-lightbox-slideshow=\"d94035b\" data-elementor-lightbox-title=\"Meeting_outdoor\" data-e-action-hash=\"#elementor-action%3Aaction%3Dlightbox%26settings%3DeyJpZCI6ODM2LCJ1cmwiOiJodHRwczpcL1wvaW1rLWljLmRlXC93cC1jb250ZW50XC91cGxvYWRzXC8yMDIyXC8wNVwvTWVldGluZ19vdXRkb29yLmpwZyIsInNsaWRlc2hvdyI6ImQ5NDAzNWIifQ%3D%3D\">\n\t\t\t\t\t<div class=\"e-gallery-image elementor-gallery-item__image\" data-thumbnail=\"https:\/\/imk-ic.de\/wp-content\/uploads\/2022\/05\/Meeting_outdoor-768x575.jpg\" data-width=\"768\" data-height=\"575\" aria-label=\"\" role=\"img\" ><\/div>\n\t\t\t\t\t\t\t\t\t\t\t<div class=\"elementor-gallery-item__overlay\"><\/div>\n\t\t\t\t\t\t\t\t\t\t\t\t\t\t<\/a>\n\t\t\t\t\t\t\t<a class=\"e-gallery-item elementor-gallery-item elementor-animated-content\" href=\"https:\/\/imk-ic.de\/wp-content\/uploads\/2022\/05\/Buero-scaled.jpg\" data-elementor-open-lightbox=\"yes\" data-elementor-lightbox-slideshow=\"d94035b\" data-elementor-lightbox-title=\"B\u00fcro\" data-e-action-hash=\"#elementor-action%3Aaction%3Dlightbox%26settings%3DeyJpZCI6ODMxLCJ1cmwiOiJodHRwczpcL1wvaW1rLWljLmRlXC93cC1jb250ZW50XC91cGxvYWRzXC8yMDIyXC8wNVwvQnVlcm8tc2NhbGVkLmpwZyIsInNsaWRlc2hvdyI6ImQ5NDAzNWIifQ%3D%3D\">\n\t\t\t\t\t<div class=\"e-gallery-image elementor-gallery-item__image\" data-thumbnail=\"https:\/\/imk-ic.de\/wp-content\/uploads\/2022\/05\/Buero-768x512.jpg\" data-width=\"768\" data-height=\"512\" aria-label=\"\" role=\"img\" ><\/div>\n\t\t\t\t\t\t\t\t\t\t\t<div class=\"elementor-gallery-item__overlay\"><\/div>\n\t\t\t\t\t\t\t\t\t\t\t\t\t\t<\/a>\n\t\t\t\t\t\t\t<a class=\"e-gallery-item elementor-gallery-item elementor-animated-content\" href=\"https:\/\/imk-ic.de\/wp-content\/uploads\/2022\/05\/Teamevent1-scaled.jpg\" data-elementor-open-lightbox=\"yes\" data-elementor-lightbox-slideshow=\"d94035b\" data-elementor-lightbox-title=\"Teamevent1\" data-e-action-hash=\"#elementor-action%3Aaction%3Dlightbox%26settings%3DeyJpZCI6ODc2LCJ1cmwiOiJodHRwczpcL1wvaW1rLWljLmRlXC93cC1jb250ZW50XC91cGxvYWRzXC8yMDIyXC8wNVwvVGVhbWV2ZW50MS1zY2FsZWQuanBnIiwic2xpZGVzaG93IjoiZDk0MDM1YiJ9\">\n\t\t\t\t\t<div class=\"e-gallery-image elementor-gallery-item__image\" data-thumbnail=\"https:\/\/imk-ic.de\/wp-content\/uploads\/2022\/05\/Teamevent1-768x576.jpg\" data-width=\"768\" data-height=\"576\" aria-label=\"\" role=\"img\" ><\/div>\n\t\t\t\t\t\t\t\t\t\t\t<div class=\"elementor-gallery-item__overlay\"><\/div>\n\t\t\t\t\t\t\t\t\t\t\t\t\t\t<\/a>\n\t\t\t\t\t\t\t<a class=\"e-gallery-item elementor-gallery-item elementor-animated-content\" href=\"https:\/\/imk-ic.de\/wp-content\/uploads\/2022\/05\/Familienfest1-scaled.jpg\" data-elementor-open-lightbox=\"yes\" data-elementor-lightbox-slideshow=\"d94035b\" data-elementor-lightbox-title=\"Familienfest1\" data-e-action-hash=\"#elementor-action%3Aaction%3Dlightbox%26settings%3DeyJpZCI6ODc3LCJ1cmwiOiJodHRwczpcL1wvaW1rLWljLmRlXC93cC1jb250ZW50XC91cGxvYWRzXC8yMDIyXC8wNVwvRmFtaWxpZW5mZXN0MS1zY2FsZWQuanBnIiwic2xpZGVzaG93IjoiZDk0MDM1YiJ9\">\n\t\t\t\t\t<div class=\"e-gallery-image elementor-gallery-item__image\" data-thumbnail=\"https:\/\/imk-ic.de\/wp-content\/uploads\/2022\/05\/Familienfest1-768x576.jpg\" data-width=\"768\" data-height=\"576\" aria-label=\"\" role=\"img\" ><\/div>\n\t\t\t\t\t\t\t\t\t\t\t<div class=\"elementor-gallery-item__overlay\"><\/div>\n\t\t\t\t\t\t\t\t\t\t\t\t\t\t<\/a>\n\t\t\t\t\t<\/div>\n\t\t\t\t\t<\/div>\n\t\t\t\t\t<\/div>\n\t\t<\/div>\n\t\t\t\t\t<\/div>\n\t\t<\/section>\n\t\t\t\t<\/div>","protected":false},"excerpt":{"rendered":"<p>Es ist die Einzigartigkeit, die unserem Unternehmen Charakter verleiht. Sie befl\u00fcgelt unseren Erfolg und zeichnet uns als das aus, was wir sind. Unternehmensgeschichte Geschichte des Firmensitzes News\/Presse \u00dcber die imk Gruppe Seit 2002 im Projektgesch\u00e4ft f\u00fcr die Hochtechnologie t\u00e4tig, z\u00e4hlt die imk Gruppe zu einem der besten Experten f\u00fcr Produktentwicklung im Bereich Medizin- und Getriebetechnik [&hellip;]<\/p>\n","protected":false},"author":1,"featured_media":0,"parent":0,"menu_order":0,"comment_status":"closed","ping_status":"closed","template":"elementor_header_footer","meta":{"_acf_changed":false,"inline_featured_image":false,"footnotes":""},"class_list":["post-872","page","type-page","status-publish","hentry"],"acf":[],"yoast_head":"<!-- This site is optimized with the Yoast SEO plugin v27.3 - https:\/\/yoast.com\/product\/yoast-seo-wordpress\/ -->\n<title>\u00dcber das Unternehmen | imk Intelligence Consortium<\/title>\n<meta name=\"robots\" content=\"index, follow, max-snippet:-1, max-image-preview:large, max-video-preview:-1\" \/>\n<link rel=\"canonical\" href=\"https:\/\/imk-ic.de\/en\/ueber-das-unternehmen\/\" \/>\n<meta property=\"og:locale\" content=\"en_GB\" \/>\n<meta property=\"og:type\" content=\"article\" \/>\n<meta property=\"og:title\" content=\"\u00dcber das Unternehmen | imk Intelligence Consortium\" \/>\n<meta property=\"og:description\" content=\"Es ist die Einzigartigkeit, die unserem Unternehmen Charakter verleiht. Sie befl\u00fcgelt unseren Erfolg und zeichnet uns als das aus, was wir sind. Unternehmensgeschichte Geschichte des Firmensitzes News\/Presse \u00dcber die imk Gruppe Seit 2002 im Projektgesch\u00e4ft f\u00fcr die Hochtechnologie t\u00e4tig, z\u00e4hlt die imk Gruppe zu einem der besten Experten f\u00fcr Produktentwicklung im Bereich Medizin- und Getriebetechnik [&hellip;]\" \/>\n<meta property=\"og:url\" content=\"https:\/\/imk-ic.de\/en\/ueber-das-unternehmen\/\" \/>\n<meta property=\"og:site_name\" content=\"imk Intelligence Consortium\" \/>\n<meta property=\"article:modified_time\" content=\"2024-11-18T10:10:47+00:00\" \/>\n<meta name=\"twitter:card\" content=\"summary_large_image\" \/>\n<meta name=\"twitter:label1\" content=\"Estimated reading time\" \/>\n\t<meta name=\"twitter:data1\" content=\"2 minutes\" \/>\n<script type=\"application\/ld+json\" class=\"yoast-schema-graph\">{\"@context\":\"https:\\\/\\\/schema.org\",\"@graph\":[{\"@type\":\"WebPage\",\"@id\":\"https:\\\/\\\/imk-ic.de\\\/ueber-das-unternehmen\\\/\",\"url\":\"https:\\\/\\\/imk-ic.de\\\/ueber-das-unternehmen\\\/\",\"name\":\"\u00dcber das Unternehmen | imk Intelligence Consortium\",\"isPartOf\":{\"@id\":\"https:\\\/\\\/imk-ic.de\\\/#website\"},\"datePublished\":\"2022-05-19T14:43:13+00:00\",\"dateModified\":\"2024-11-18T10:10:47+00:00\",\"breadcrumb\":{\"@id\":\"https:\\\/\\\/imk-ic.de\\\/ueber-das-unternehmen\\\/#breadcrumb\"},\"inLanguage\":\"en-GB\",\"potentialAction\":[{\"@type\":\"ReadAction\",\"target\":[\"https:\\\/\\\/imk-ic.de\\\/ueber-das-unternehmen\\\/\"]}]},{\"@type\":\"BreadcrumbList\",\"@id\":\"https:\\\/\\\/imk-ic.de\\\/ueber-das-unternehmen\\\/#breadcrumb\",\"itemListElement\":[{\"@type\":\"ListItem\",\"position\":1,\"name\":\"Home\",\"item\":\"https:\\\/\\\/imk-ic.de\\\/\"},{\"@type\":\"ListItem\",\"position\":2,\"name\":\"\u00dcber das Unternehmen\"}]},{\"@type\":\"WebSite\",\"@id\":\"https:\\\/\\\/imk-ic.de\\\/#website\",\"url\":\"https:\\\/\\\/imk-ic.de\\\/\",\"name\":\"imk Intelligence Consortium\",\"description\":\"Beratung, Entwicklung und Fertigung aus einer Hand.\",\"publisher\":{\"@id\":\"https:\\\/\\\/imk-ic.de\\\/#organization\"},\"potentialAction\":[{\"@type\":\"SearchAction\",\"target\":{\"@type\":\"EntryPoint\",\"urlTemplate\":\"https:\\\/\\\/imk-ic.de\\\/?s={search_term_string}\"},\"query-input\":{\"@type\":\"PropertyValueSpecification\",\"valueRequired\":true,\"valueName\":\"search_term_string\"}}],\"inLanguage\":\"en-GB\"},{\"@type\":\"Organization\",\"@id\":\"https:\\\/\\\/imk-ic.de\\\/#organization\",\"name\":\"imk Intelligence Consortium\",\"url\":\"https:\\\/\\\/imk-ic.de\\\/\",\"logo\":{\"@type\":\"ImageObject\",\"inLanguage\":\"en-GB\",\"@id\":\"https:\\\/\\\/imk-ic.de\\\/#\\\/schema\\\/logo\\\/image\\\/\",\"url\":\"https:\\\/\\\/imk-ic.de\\\/wp-content\\\/uploads\\\/2022\\\/04\\\/logo.svg\",\"contentUrl\":\"https:\\\/\\\/imk-ic.de\\\/wp-content\\\/uploads\\\/2022\\\/04\\\/logo.svg\",\"width\":712,\"height\":426,\"caption\":\"imk Intelligence Consortium\"},\"image\":{\"@id\":\"https:\\\/\\\/imk-ic.de\\\/#\\\/schema\\\/logo\\\/image\\\/\"}}]}<\/script>\n<!-- \/ Yoast SEO plugin. -->","yoast_head_json":{"title":"About the company | imk Intelligence Consortium","robots":{"index":"index","follow":"follow","max-snippet":"max-snippet:-1","max-image-preview":"max-image-preview:large","max-video-preview":"max-video-preview:-1"},"canonical":"https:\/\/imk-ic.de\/en\/ueber-das-unternehmen\/","og_locale":"en_GB","og_type":"article","og_title":"\u00dcber das Unternehmen | imk Intelligence Consortium","og_description":"Es ist die Einzigartigkeit, die unserem Unternehmen Charakter verleiht. Sie befl\u00fcgelt unseren Erfolg und zeichnet uns als das aus, was wir sind. Unternehmensgeschichte Geschichte des Firmensitzes News\/Presse \u00dcber die imk Gruppe Seit 2002 im Projektgesch\u00e4ft f\u00fcr die Hochtechnologie t\u00e4tig, z\u00e4hlt die imk Gruppe zu einem der besten Experten f\u00fcr Produktentwicklung im Bereich Medizin- und Getriebetechnik [&hellip;]","og_url":"https:\/\/imk-ic.de\/en\/ueber-das-unternehmen\/","og_site_name":"imk Intelligence Consortium","article_modified_time":"2024-11-18T10:10:47+00:00","twitter_card":"summary_large_image","twitter_misc":{"Estimated reading time":"2 minutes"},"schema":{"@context":"https:\/\/schema.org","@graph":[{"@type":"WebPage","@id":"https:\/\/imk-ic.de\/ueber-das-unternehmen\/","url":"https:\/\/imk-ic.de\/ueber-das-unternehmen\/","name":"About the company | imk Intelligence Consortium","isPartOf":{"@id":"https:\/\/imk-ic.de\/#website"},"datePublished":"2022-05-19T14:43:13+00:00","dateModified":"2024-11-18T10:10:47+00:00","breadcrumb":{"@id":"https:\/\/imk-ic.de\/ueber-das-unternehmen\/#breadcrumb"},"inLanguage":"en-GB","potentialAction":[{"@type":"ReadAction","target":["https:\/\/imk-ic.de\/ueber-das-unternehmen\/"]}]},{"@type":"BreadcrumbList","@id":"https:\/\/imk-ic.de\/ueber-das-unternehmen\/#breadcrumb","itemListElement":[{"@type":"ListItem","position":1,"name":"Home","item":"https:\/\/imk-ic.de\/"},{"@type":"ListItem","position":2,"name":"\u00dcber das Unternehmen"}]},{"@type":"WebSite","@id":"https:\/\/imk-ic.de\/#website","url":"https:\/\/imk-ic.de\/","name":"imk Intelligence Consortium","description":"Advice, development and production from a single source.","publisher":{"@id":"https:\/\/imk-ic.de\/#organization"},"potentialAction":[{"@type":"SearchAction","target":{"@type":"EntryPoint","urlTemplate":"https:\/\/imk-ic.de\/?s={search_term_string}"},"query-input":{"@type":"PropertyValueSpecification","valueRequired":true,"valueName":"search_term_string"}}],"inLanguage":"en-GB"},{"@type":"Organization","@id":"https:\/\/imk-ic.de\/#organization","name":"imk Intelligence Consortium","url":"https:\/\/imk-ic.de\/","logo":{"@type":"ImageObject","inLanguage":"en-GB","@id":"https:\/\/imk-ic.de\/#\/schema\/logo\/image\/","url":"https:\/\/imk-ic.de\/wp-content\/uploads\/2022\/04\/logo.svg","contentUrl":"https:\/\/imk-ic.de\/wp-content\/uploads\/2022\/04\/logo.svg","width":712,"height":426,"caption":"imk Intelligence Consortium"},"image":{"@id":"https:\/\/imk-ic.de\/#\/schema\/logo\/image\/"}}]}},"_links":{"self":[{"href":"https:\/\/imk-ic.de\/en\/wp-json\/wp\/v2\/pages\/872","targetHints":{"allow":["GET"]}}],"collection":[{"href":"https:\/\/imk-ic.de\/en\/wp-json\/wp\/v2\/pages"}],"about":[{"href":"https:\/\/imk-ic.de\/en\/wp-json\/wp\/v2\/types\/page"}],"author":[{"embeddable":true,"href":"https:\/\/imk-ic.de\/en\/wp-json\/wp\/v2\/users\/1"}],"replies":[{"embeddable":true,"href":"https:\/\/imk-ic.de\/en\/wp-json\/wp\/v2\/comments?post=872"}],"version-history":[{"count":28,"href":"https:\/\/imk-ic.de\/en\/wp-json\/wp\/v2\/pages\/872\/revisions"}],"predecessor-version":[{"id":3029,"href":"https:\/\/imk-ic.de\/en\/wp-json\/wp\/v2\/pages\/872\/revisions\/3029"}],"wp:attachment":[{"href":"https:\/\/imk-ic.de\/en\/wp-json\/wp\/v2\/media?parent=872"}],"curies":[{"name":"wp","href":"https:\/\/api.w.org\/{rel}","templated":true}]}}