{"id":428,"date":"2022-04-27T14:27:24","date_gmt":"2022-04-27T12:27:24","guid":{"rendered":"https:\/\/imk-ic.de\/?page_id=428"},"modified":"2025-02-17T14:21:35","modified_gmt":"2025-02-17T13:21:35","slug":"impressum","status":"publish","type":"page","link":"https:\/\/imk-ic.de\/en\/impressum\/","title":{"rendered":"Imprint"},"content":{"rendered":"<h3 class=\"wp-block-heading\">Address<\/h3>\n\n\n\n<p>imk Management Services GmbH<br>Amselgrund 30<br>09128 Chemnitz<br><br>Phone: +49 (0)371 - 400 97 0<br>Fax: +49 (0)371 - 400 97 19<br>E-mail:&nbsp;<a href=\"mailto:info@imk-ic.com\">info@imk-ic.com<\/a><\/p>\n\n\n\n<h3 class=\"wp-block-heading\">Managing Director<\/h3>\n\n\n\n<p>Dr.-Ing. Jens Trepte<\/p>\n\n\n\n<h3 class=\"wp-block-heading\">Commercial register<\/h3>\n\n\n\n<p>Chemnitz HRB 20077<\/p>\n\n\n\n<h3 class=\"wp-block-heading\">Tax number<\/h3>\n\n\n\n<p>214 \/ 111 \/ 03436 Chemnitz South Tax Office<\/p>\n\n\n\n<h3 class=\"wp-block-heading\">VAT ID<\/h3>\n\n\n\n<p>DE 223912643<\/p>\n\n\n\n<h3 class=\"wp-block-heading\">Liability for contents<\/h3>\n\n\n\n<p>The contents of our pages have been created with the greatest care. However, we cannot accept any liability for the accuracy, completeness and topicality of the content. As a service provider, we are responsible for our own content on these pages in accordance with general legislation. However, as a service provider, we are not obliged to monitor transmitted or stored third-party information or to investigate circumstances that indicate illegal activity. Obligations to remove or block the use of information in accordance with general legislation remain unaffected by this. However, liability in this respect is only possible from the time of knowledge of a specific infringement. As soon as we become aware of such infringements, we will remove this content immediately.<\/p>\n\n\n\n<h3 class=\"wp-block-heading\">Liability for links<\/h3>\n\n\n\n<p>Our offer contains links to external websites of third parties, on whose contents we have no influence. Therefore, we cannot assume any liability for these external contents. The respective provider or operator of the pages is always responsible for the content of the linked pages. The linked pages were checked for possible legal violations at the time of linking. Illegal contents were not recognisable at the time of linking. However, permanent monitoring of the content of the linked pages is not reasonable without concrete indications of a legal violation. If we become aware of any infringements of the law, we will remove such links immediately.<\/p>\n\n\n\n<h3 class=\"wp-block-heading\">Copyright<\/h3>\n\n\n\n<p>The content and works created by the site operators on these pages are subject to German copyright law. Duplication, processing, distribution and any kind of exploitation outside the limits of copyright law require the written consent of the respective author or creator. Downloads and copies of this site are only permitted for private, non-commercial use and with the prior consent of the copyright holder. Insofar as the content on this site was not created by imk automotive, the copyrights of third parties are respected. In particular, third-party content is identified as such. Should you nevertheless become aware of a copyright infringement, please inform us accordingly. If we become aware of any infringements, we will remove such content immediately.<\/p>\n\n\n\n<p><strong>Social media channels<\/strong><br>This imprint also applies to our social media presences on&nbsp;<a href=\"https:\/\/www.facebook.com\/Imk-automotive-GmbH-131371557456075\/\" target=\"_blank\" rel=\"noreferrer noopener\">Facebook<\/a>,&nbsp;<a href=\"https:\/\/plus.google.com\/111334428449159936021\" target=\"_blank\" rel=\"noreferrer noopener\">Google+<\/a>,&nbsp;<a href=\"https:\/\/www.youtube.com\/user\/imkautomotive\" target=\"_blank\" rel=\"noreferrer noopener\">YouTube<\/a>,&nbsp;<a href=\"https:\/\/www.xing.com\/companies\/imkautomotivegmbh\" target=\"_blank\" rel=\"noreferrer noopener\">XING<\/a>,&nbsp;<a href=\"https:\/\/www.linkedin.com\/company\/imk-automotive-gmbh\" target=\"_blank\" rel=\"noreferrer noopener\">Linkedin&nbsp;<\/a>and our&nbsp;<a href=\"https:\/\/imk-videoblog.blogspot.de\/\" target=\"_blank\" rel=\"noreferrer noopener\">Video blog<\/a><\/p>\n\n\n\n<h3 class=\"wp-block-heading\">Design &amp; web development<\/h3>\n\n\n\n<p>theCASE GmbH &amp; Co. KG<br>Creative &amp; digital agency<br><a href=\"http:\/\/www.thecase.digital\">www.thecase.digital<\/a><\/p>\n\n\n\n<p>Agricolastr. 67, 09112 Chemnitz<br>Phone: 0371 \/ 335 27 180<br><a href=\"mailto:info@thecase.digital\">info@thecase.digital<\/a><\/p>","protected":false},"excerpt":{"rendered":"<p>Anschrift imk Management Services GmbHAmselgrund 3009128 Chemnitz Telefon: +49 (0)371 &#8211; 400 97 0Fax: +49 (0)371 &#8211; 400 97 19E-Mail:&nbsp;info@imk-ic.com Gesch\u00e4ftsf\u00fchrer Dr.-Ing. Jens Trepte Handelsregister Chemnitz HRB 20077 Steuernummer 214 \/ 111 \/ 03436 Finanzamt Chemnitz S\u00fcd Umsatzsteuer-ID DE 223912643 Haftung f\u00fcr Inhalte Die Inhalte unserer Seiten wurden mit gr\u00f6\u00dfter Sorgfalt erstellt. F\u00fcr die Richtigkeit, [&hellip;]<\/p>\n","protected":false},"author":1,"featured_media":0,"parent":0,"menu_order":0,"comment_status":"closed","ping_status":"closed","template":"","meta":{"_acf_changed":false,"inline_featured_image":false,"footnotes":""},"class_list":["post-428","page","type-page","status-publish","hentry"],"acf":[],"yoast_head":"<!-- This site is optimized with the Yoast SEO plugin v27.3 - https:\/\/yoast.com\/product\/yoast-seo-wordpress\/ -->\n<title>Impressum | imk Intelligence Consortium<\/title>\n<meta name=\"robots\" content=\"noindex, follow\" \/>\n<meta property=\"og:locale\" content=\"en_GB\" \/>\n<meta property=\"og:type\" content=\"article\" \/>\n<meta property=\"og:title\" content=\"Impressum | imk Intelligence Consortium\" \/>\n<meta property=\"og:description\" content=\"Anschrift imk Management Services GmbHAmselgrund 3009128 Chemnitz Telefon: +49 (0)371 &#8211; 400 97 0Fax: +49 (0)371 &#8211; 400 97 19E-Mail:&nbsp;info@imk-ic.com Gesch\u00e4ftsf\u00fchrer Dr.-Ing. Jens Trepte Handelsregister Chemnitz HRB 20077 Steuernummer 214 \/ 111 \/ 03436 Finanzamt Chemnitz S\u00fcd Umsatzsteuer-ID DE 223912643 Haftung f\u00fcr Inhalte Die Inhalte unserer Seiten wurden mit gr\u00f6\u00dfter Sorgfalt erstellt. F\u00fcr die Richtigkeit, [&hellip;]\" \/>\n<meta property=\"og:url\" content=\"https:\/\/imk-ic.de\/en\/impressum\/\" \/>\n<meta property=\"og:site_name\" content=\"imk Intelligence Consortium\" \/>\n<meta property=\"article:modified_time\" content=\"2025-02-17T13:21:35+00:00\" \/>\n<meta name=\"twitter:card\" content=\"summary_large_image\" \/>\n<meta name=\"twitter:label1\" content=\"Estimated reading time\" \/>\n\t<meta name=\"twitter:data1\" content=\"3 minutes\" \/>\n<script type=\"application\/ld+json\" class=\"yoast-schema-graph\">{\"@context\":\"https:\\\/\\\/schema.org\",\"@graph\":[{\"@type\":\"WebPage\",\"@id\":\"https:\\\/\\\/imk-ic.de\\\/impressum\\\/\",\"url\":\"https:\\\/\\\/imk-ic.de\\\/impressum\\\/\",\"name\":\"Impressum | imk Intelligence Consortium\",\"isPartOf\":{\"@id\":\"https:\\\/\\\/imk-ic.de\\\/#website\"},\"datePublished\":\"2022-04-27T12:27:24+00:00\",\"dateModified\":\"2025-02-17T13:21:35+00:00\",\"breadcrumb\":{\"@id\":\"https:\\\/\\\/imk-ic.de\\\/impressum\\\/#breadcrumb\"},\"inLanguage\":\"en-GB\",\"potentialAction\":[{\"@type\":\"ReadAction\",\"target\":[\"https:\\\/\\\/imk-ic.de\\\/impressum\\\/\"]}]},{\"@type\":\"BreadcrumbList\",\"@id\":\"https:\\\/\\\/imk-ic.de\\\/impressum\\\/#breadcrumb\",\"itemListElement\":[{\"@type\":\"ListItem\",\"position\":1,\"name\":\"Home\",\"item\":\"https:\\\/\\\/imk-ic.de\\\/\"},{\"@type\":\"ListItem\",\"position\":2,\"name\":\"Impressum\"}]},{\"@type\":\"WebSite\",\"@id\":\"https:\\\/\\\/imk-ic.de\\\/#website\",\"url\":\"https:\\\/\\\/imk-ic.de\\\/\",\"name\":\"imk Intelligence Consortium\",\"description\":\"Beratung, Entwicklung und Fertigung aus einer Hand.\",\"publisher\":{\"@id\":\"https:\\\/\\\/imk-ic.de\\\/#organization\"},\"potentialAction\":[{\"@type\":\"SearchAction\",\"target\":{\"@type\":\"EntryPoint\",\"urlTemplate\":\"https:\\\/\\\/imk-ic.de\\\/?s={search_term_string}\"},\"query-input\":{\"@type\":\"PropertyValueSpecification\",\"valueRequired\":true,\"valueName\":\"search_term_string\"}}],\"inLanguage\":\"en-GB\"},{\"@type\":\"Organization\",\"@id\":\"https:\\\/\\\/imk-ic.de\\\/#organization\",\"name\":\"imk Intelligence Consortium\",\"url\":\"https:\\\/\\\/imk-ic.de\\\/\",\"logo\":{\"@type\":\"ImageObject\",\"inLanguage\":\"en-GB\",\"@id\":\"https:\\\/\\\/imk-ic.de\\\/#\\\/schema\\\/logo\\\/image\\\/\",\"url\":\"https:\\\/\\\/imk-ic.de\\\/wp-content\\\/uploads\\\/2022\\\/04\\\/logo.svg\",\"contentUrl\":\"https:\\\/\\\/imk-ic.de\\\/wp-content\\\/uploads\\\/2022\\\/04\\\/logo.svg\",\"width\":712,\"height\":426,\"caption\":\"imk Intelligence Consortium\"},\"image\":{\"@id\":\"https:\\\/\\\/imk-ic.de\\\/#\\\/schema\\\/logo\\\/image\\\/\"}}]}<\/script>\n<!-- \/ Yoast SEO plugin. -->","yoast_head_json":{"title":"Imprint | imk Intelligence Consortium","robots":{"index":"noindex","follow":"follow"},"og_locale":"en_GB","og_type":"article","og_title":"Impressum | imk Intelligence Consortium","og_description":"Anschrift imk Management Services GmbHAmselgrund 3009128 Chemnitz Telefon: +49 (0)371 &#8211; 400 97 0Fax: +49 (0)371 &#8211; 400 97 19E-Mail:&nbsp;info@imk-ic.com Gesch\u00e4ftsf\u00fchrer Dr.-Ing. Jens Trepte Handelsregister Chemnitz HRB 20077 Steuernummer 214 \/ 111 \/ 03436 Finanzamt Chemnitz S\u00fcd Umsatzsteuer-ID DE 223912643 Haftung f\u00fcr Inhalte Die Inhalte unserer Seiten wurden mit gr\u00f6\u00dfter Sorgfalt erstellt. F\u00fcr die Richtigkeit, [&hellip;]","og_url":"https:\/\/imk-ic.de\/en\/impressum\/","og_site_name":"imk Intelligence Consortium","article_modified_time":"2025-02-17T13:21:35+00:00","twitter_card":"summary_large_image","twitter_misc":{"Estimated reading time":"3 minutes"},"schema":{"@context":"https:\/\/schema.org","@graph":[{"@type":"WebPage","@id":"https:\/\/imk-ic.de\/impressum\/","url":"https:\/\/imk-ic.de\/impressum\/","name":"Imprint | imk Intelligence Consortium","isPartOf":{"@id":"https:\/\/imk-ic.de\/#website"},"datePublished":"2022-04-27T12:27:24+00:00","dateModified":"2025-02-17T13:21:35+00:00","breadcrumb":{"@id":"https:\/\/imk-ic.de\/impressum\/#breadcrumb"},"inLanguage":"en-GB","potentialAction":[{"@type":"ReadAction","target":["https:\/\/imk-ic.de\/impressum\/"]}]},{"@type":"BreadcrumbList","@id":"https:\/\/imk-ic.de\/impressum\/#breadcrumb","itemListElement":[{"@type":"ListItem","position":1,"name":"Home","item":"https:\/\/imk-ic.de\/"},{"@type":"ListItem","position":2,"name":"Impressum"}]},{"@type":"WebSite","@id":"https:\/\/imk-ic.de\/#website","url":"https:\/\/imk-ic.de\/","name":"imk Intelligence Consortium","description":"Advice, development and production from a single source.","publisher":{"@id":"https:\/\/imk-ic.de\/#organization"},"potentialAction":[{"@type":"SearchAction","target":{"@type":"EntryPoint","urlTemplate":"https:\/\/imk-ic.de\/?s={search_term_string}"},"query-input":{"@type":"PropertyValueSpecification","valueRequired":true,"valueName":"search_term_string"}}],"inLanguage":"en-GB"},{"@type":"Organization","@id":"https:\/\/imk-ic.de\/#organization","name":"imk Intelligence Consortium","url":"https:\/\/imk-ic.de\/","logo":{"@type":"ImageObject","inLanguage":"en-GB","@id":"https:\/\/imk-ic.de\/#\/schema\/logo\/image\/","url":"https:\/\/imk-ic.de\/wp-content\/uploads\/2022\/04\/logo.svg","contentUrl":"https:\/\/imk-ic.de\/wp-content\/uploads\/2022\/04\/logo.svg","width":712,"height":426,"caption":"imk Intelligence Consortium"},"image":{"@id":"https:\/\/imk-ic.de\/#\/schema\/logo\/image\/"}}]}},"_links":{"self":[{"href":"https:\/\/imk-ic.de\/en\/wp-json\/wp\/v2\/pages\/428","targetHints":{"allow":["GET"]}}],"collection":[{"href":"https:\/\/imk-ic.de\/en\/wp-json\/wp\/v2\/pages"}],"about":[{"href":"https:\/\/imk-ic.de\/en\/wp-json\/wp\/v2\/types\/page"}],"author":[{"embeddable":true,"href":"https:\/\/imk-ic.de\/en\/wp-json\/wp\/v2\/users\/1"}],"replies":[{"embeddable":true,"href":"https:\/\/imk-ic.de\/en\/wp-json\/wp\/v2\/comments?post=428"}],"version-history":[{"count":6,"href":"https:\/\/imk-ic.de\/en\/wp-json\/wp\/v2\/pages\/428\/revisions"}],"predecessor-version":[{"id":3061,"href":"https:\/\/imk-ic.de\/en\/wp-json\/wp\/v2\/pages\/428\/revisions\/3061"}],"wp:attachment":[{"href":"https:\/\/imk-ic.de\/en\/wp-json\/wp\/v2\/media?parent=428"}],"curies":[{"name":"wp","href":"https:\/\/api.w.org\/{rel}","templated":true}]}}