{"id":1523,"date":"2022-07-06T15:13:32","date_gmt":"2022-07-06T13:13:32","guid":{"rendered":"https:\/\/imk-ic.de\/?page_id=1523"},"modified":"2024-02-09T09:27:57","modified_gmt":"2024-02-09T08:27:57","slug":"referenzen","status":"publish","type":"page","link":"https:\/\/imk-ic.de\/en\/referenzen\/","title":{"rendered":"References"},"content":{"rendered":"<div data-elementor-type=\"wp-page\" data-elementor-id=\"1523\" class=\"elementor elementor-1523\" data-elementor-post-type=\"page\">\n\t\t\t\t\t\t<section class=\"elementor-section elementor-top-section elementor-element elementor-element-9586727 elementor-section-content-middle elementor-section-boxed elementor-section-height-default elementor-section-height-default\" data-id=\"9586727\" data-element_type=\"section\" data-e-type=\"section\" data-settings=\"{&quot;background_background&quot;:&quot;classic&quot;}\">\n\t\t\t\t\t\t\t<div class=\"elementor-background-overlay\"><\/div>\n\t\t\t\t\t\t\t<div class=\"elementor-container elementor-column-gap-default\">\n\t\t\t\t\t<div class=\"elementor-column elementor-col-100 elementor-top-column elementor-element elementor-element-29a1acc\" data-id=\"29a1acc\" data-element_type=\"column\" data-e-type=\"column\">\n\t\t\t<div class=\"elementor-widget-wrap elementor-element-populated\">\n\t\t\t\t\t\t<div class=\"elementor-element elementor-element-5a8a43c elementor-widget elementor-widget-heading\" data-id=\"5a8a43c\" data-element_type=\"widget\" data-e-type=\"widget\" data-widget_type=\"heading.default\">\n\t\t\t\t\t<h1 class=\"elementor-heading-title elementor-size-default\">References<\/h1>\t\t\t\t<\/div>\n\t\t\t\t<div class=\"elementor-element elementor-element-4a64027 elementor-widget elementor-widget-text-editor\" data-id=\"4a64027\" data-element_type=\"widget\" data-e-type=\"widget\" data-widget_type=\"text-editor.default\">\n\t\t\t\t\t\t\t\t\t<div class=\"grid12 clear\"><div class=\"ce_text block\"><div class=\"ce_text-inside\"><p>Selected success stories, use cases and customer testimonials about our services and software solutions.<\/p><\/div><\/div><\/div>\t\t\t\t\t\t\t\t<\/div>\n\t\t\t\t\t<\/div>\n\t\t<\/div>\n\t\t\t\t\t<\/div>\n\t\t<\/section>\n\t\t\t\t<section class=\"elementor-section elementor-top-section elementor-element elementor-element-f73b3c8 elementor-section-content-middle elementor-section-boxed elementor-section-height-default elementor-section-height-default\" data-id=\"f73b3c8\" data-element_type=\"section\" data-e-type=\"section\" data-settings=\"{&quot;background_background&quot;:&quot;classic&quot;}\">\n\t\t\t\t\t\t<div class=\"elementor-container elementor-column-gap-default\">\n\t\t\t\t\t<div class=\"elementor-column elementor-col-100 elementor-top-column elementor-element elementor-element-0aaf44d\" data-id=\"0aaf44d\" data-element_type=\"column\" data-e-type=\"column\">\n\t\t\t<div class=\"elementor-widget-wrap elementor-element-populated\">\n\t\t\t\t\t\t<section class=\"elementor-section elementor-inner-section elementor-element elementor-element-d87d30e elementor-section-content-top elementor-section-boxed elementor-section-height-default elementor-section-height-default\" data-id=\"d87d30e\" data-element_type=\"section\" data-e-type=\"section\" data-settings=\"{&quot;background_background&quot;:&quot;classic&quot;}\">\n\t\t\t\t\t\t<div class=\"elementor-container elementor-column-gap-wider\">\n\t\t\t\t\t<div class=\"elementor-column elementor-col-50 elementor-inner-column elementor-element elementor-element-0311e60\" data-id=\"0311e60\" data-element_type=\"column\" data-e-type=\"column\">\n\t\t\t<div class=\"elementor-widget-wrap elementor-element-populated\">\n\t\t\t\t\t\t<div class=\"elementor-element elementor-element-088d17a elementor-widget elementor-widget-heading\" data-id=\"088d17a\" data-element_type=\"widget\" data-e-type=\"widget\" data-widget_type=\"heading.default\">\n\t\t\t\t\t<h2 class=\"elementor-heading-title elementor-size-default\">imk Industrial Intelligence<br>\n<small>Digital planning &amp; ergonomics<\/small><\/h2>\t\t\t\t<\/div>\n\t\t\t\t<div class=\"elementor-element elementor-element-1de25c2 elementor-widget elementor-widget-heading\" data-id=\"1de25c2\" data-element_type=\"widget\" data-e-type=\"widget\" data-widget_type=\"heading.default\">\n\t\t\t\t\t<h3 class=\"elementor-heading-title elementor-size-default\">Virtual workplace design for the assembly of the all-electric Volkswagen ID.3<\/h3>\t\t\t\t<\/div>\n\t\t\t\t<div class=\"elementor-element elementor-element-6a53c0f elementor-widget elementor-widget-text-editor\" data-id=\"6a53c0f\" data-element_type=\"widget\" data-e-type=\"widget\" data-widget_type=\"text-editor.default\">\n\t\t\t\t\t\t\t\t\t<div>Planning of a central production area and virtual workplace design for the value-added integration of employees with disabilities into production.<\/div><div>\u00a0<\/div><div><p><strong>Results:<\/strong><\/p><ul><li>value-adding work processes<\/li><li>ergonomic workstations<\/li><li>takes into account activity restrictions<\/li><li>virtual validation<\/li><li>alternative planning options<\/li><\/ul><\/div>\t\t\t\t\t\t\t\t<\/div>\n\t\t\t\t\t<\/div>\n\t\t<\/div>\n\t\t\t\t<div class=\"elementor-column elementor-col-50 elementor-inner-column elementor-element elementor-element-4b44b01\" data-id=\"4b44b01\" data-element_type=\"column\" data-e-type=\"column\">\n\t\t\t<div class=\"elementor-widget-wrap elementor-element-populated\">\n\t\t\t\t\t\t<div class=\"elementor-element elementor-element-c797c54 elementor-widget elementor-widget-video\" data-id=\"c797c54\" data-element_type=\"widget\" data-e-type=\"widget\" data-settings=\"{&quot;youtube_url&quot;:&quot;https:\\\/\\\/www.youtube.com\\\/watch?v=DLL8ZbzdnHM&amp;t=170s&quot;,&quot;video_type&quot;:&quot;youtube&quot;,&quot;controls&quot;:&quot;yes&quot;}\" data-widget_type=\"video.default\">\n\t\t\t\t\t\t\t<div class=\"elementor-wrapper elementor-open-inline\">\n\t\t\t<div class=\"elementor-video\"><\/div>\t\t<\/div>\n\t\t\t\t\t\t<\/div>\n\t\t\t\t\t<\/div>\n\t\t<\/div>\n\t\t\t\t\t<\/div>\n\t\t<\/section>\n\t\t\t\t<section class=\"elementor-section elementor-inner-section elementor-element elementor-element-d51bdd1 elementor-section-content-top elementor-reverse-tablet elementor-reverse-mobile elementor-section-boxed elementor-section-height-default elementor-section-height-default\" data-id=\"d51bdd1\" data-element_type=\"section\" data-e-type=\"section\" data-settings=\"{&quot;background_background&quot;:&quot;classic&quot;}\">\n\t\t\t\t\t\t<div class=\"elementor-container elementor-column-gap-wider\">\n\t\t\t\t\t<div class=\"elementor-column elementor-col-50 elementor-inner-column elementor-element elementor-element-fa0da8c\" data-id=\"fa0da8c\" data-element_type=\"column\" data-e-type=\"column\">\n\t\t\t<div class=\"elementor-widget-wrap elementor-element-populated\">\n\t\t\t\t\t\t<div class=\"elementor-element elementor-element-9554997 elementor-widget elementor-widget-video\" data-id=\"9554997\" data-element_type=\"widget\" data-e-type=\"widget\" data-settings=\"{&quot;youtube_url&quot;:&quot;https:\\\/\\\/youtu.be\\\/hA2yTcTHIpw&quot;,&quot;video_type&quot;:&quot;youtube&quot;,&quot;controls&quot;:&quot;yes&quot;}\" data-widget_type=\"video.default\">\n\t\t\t\t\t\t\t<div class=\"elementor-wrapper elementor-open-inline\">\n\t\t\t<div class=\"elementor-video\"><\/div>\t\t<\/div>\n\t\t\t\t\t\t<\/div>\n\t\t\t\t\t<\/div>\n\t\t<\/div>\n\t\t\t\t<div class=\"elementor-column elementor-col-50 elementor-inner-column elementor-element elementor-element-bb33c1a\" data-id=\"bb33c1a\" data-element_type=\"column\" data-e-type=\"column\">\n\t\t\t<div class=\"elementor-widget-wrap elementor-element-populated\">\n\t\t\t\t\t\t<div class=\"elementor-element elementor-element-b585bb3 elementor-widget elementor-widget-heading\" data-id=\"b585bb3\" data-element_type=\"widget\" data-e-type=\"widget\" data-widget_type=\"heading.default\">\n\t\t\t\t\t<h2 class=\"elementor-heading-title elementor-size-default\">imk Industrial Intelligence<br>\n<small>Industrial Engineering &amp; Consulting<\/small><\/h2>\t\t\t\t<\/div>\n\t\t\t\t<div class=\"elementor-element elementor-element-d50603b elementor-widget elementor-widget-heading\" data-id=\"d50603b\" data-element_type=\"widget\" data-e-type=\"widget\" data-widget_type=\"heading.default\">\n\t\t\t\t\t<h3 class=\"elementor-heading-title elementor-size-default\">Optimisation of an assembly process at Horsch Landmaschinenbau with the support of ema Work Designer for 3D production planning<\/h3>\t\t\t\t<\/div>\n\t\t\t\t<div class=\"elementor-element elementor-element-f190ff2 elementor-widget elementor-widget-text-editor\" data-id=\"f190ff2\" data-element_type=\"widget\" data-e-type=\"widget\" data-widget_type=\"text-editor.default\">\n\t\t\t\t\t\t\t\t\t<p>By working out measures to increase efficiency and improve ergonomics, the ema Work Designer not only enabled the design solutions to be visualised, but also validated. \u00a0<\/p><p><b>Results:<\/b><\/p><ul><li>optimised ergonomics<\/li><li>reduced production time<\/li><li>shorter walking distances<\/li><li>Reduced overall space requirement<\/li><\/ul>\t\t\t\t\t\t\t\t<\/div>\n\t\t\t\t<div class=\"elementor-element elementor-element-288ff2b elementor-widget elementor-widget-button\" data-id=\"288ff2b\" data-element_type=\"widget\" data-e-type=\"widget\" data-widget_type=\"button.default\">\n\t\t\t\t\t\t\t\t\t\t<a class=\"elementor-button elementor-button-link elementor-size-sm\" href=\"https:\/\/imk-industrial-intelligence.com\/referenzen\/\" target=\"_blank\">\n\t\t\t\t\t\t<span class=\"elementor-button-content-wrapper\">\n\t\t\t\t\t\t<span class=\"elementor-button-icon\">\n\t\t\t\t<i aria-hidden=\"true\" class=\"fas fa-external-link\"><\/i>\t\t\t<\/span>\n\t\t\t\t\t\t\t\t\t<span class=\"elementor-button-text\">Further references<\/span>\n\t\t\t\t\t<\/span>\n\t\t\t\t\t<\/a>\n\t\t\t\t\t\t\t\t<\/div>\n\t\t\t\t\t<\/div>\n\t\t<\/div>\n\t\t\t\t\t<\/div>\n\t\t<\/section>\n\t\t\t\t<section class=\"elementor-section elementor-inner-section elementor-element elementor-element-c3e9f17 elementor-section-content-top elementor-reverse-tablet elementor-reverse-mobile elementor-section-boxed elementor-section-height-default elementor-section-height-default\" data-id=\"c3e9f17\" data-element_type=\"section\" data-e-type=\"section\" data-settings=\"{&quot;background_background&quot;:&quot;classic&quot;}\">\n\t\t\t\t\t\t<div class=\"elementor-container elementor-column-gap-wider\">\n\t\t\t\t\t<div class=\"elementor-column elementor-col-100 elementor-inner-column elementor-element elementor-element-f329f53\" data-id=\"f329f53\" data-element_type=\"column\" data-e-type=\"column\">\n\t\t\t<div class=\"elementor-widget-wrap elementor-element-populated\">\n\t\t\t\t\t\t<div class=\"elementor-element elementor-element-ec15277 elementor-widget elementor-widget-heading\" data-id=\"ec15277\" data-element_type=\"widget\" data-e-type=\"widget\" data-widget_type=\"heading.default\">\n\t\t\t\t\t<h2 class=\"elementor-heading-title elementor-size-default\">imk Health Intelligence<br>\n<small>Device developments\/logistics<\/small><\/h2>\t\t\t\t<\/div>\n\t\t\t\t<div class=\"elementor-element elementor-element-56db4f5 elementor-widget elementor-widget-heading\" data-id=\"56db4f5\" data-element_type=\"widget\" data-e-type=\"widget\" data-widget_type=\"heading.default\">\n\t\t\t\t\t<div class=\"elementor-heading-title elementor-size-default\">\"imk is our partner for device developments, reacting very quickly to new situations and proactively putting together strong teams that work on developments almost like a department in our own company. With excellent expertise in managing supplier networks, imk is also able to act very strongly in areas where it has no expertise itself, making big things happen as a small partner.\"<\/div>\t\t\t\t<\/div>\n\t\t\t\t<div class=\"elementor-element elementor-element-ea78309 elementor-widget elementor-widget-text-editor\" data-id=\"ea78309\" data-element_type=\"widget\" data-e-type=\"widget\" data-widget_type=\"text-editor.default\">\n\t\t\t\t\t\t\t\t\t<p><strong>Dr Felix Z\u00f6rgiebel<br \/><\/strong>Head of Instrumentation<\/p><p><strong>Biotype GmbH<\/strong><\/p>\t\t\t\t\t\t\t\t<\/div>\n\t\t\t\t\t<\/div>\n\t\t<\/div>\n\t\t\t\t\t<\/div>\n\t\t<\/section>\n\t\t\t\t<section class=\"elementor-section elementor-inner-section elementor-element elementor-element-b2d9a01 elementor-section-content-top elementor-reverse-tablet elementor-reverse-mobile elementor-section-boxed elementor-section-height-default elementor-section-height-default\" data-id=\"b2d9a01\" data-element_type=\"section\" data-e-type=\"section\" data-settings=\"{&quot;background_background&quot;:&quot;classic&quot;}\">\n\t\t\t\t\t\t<div class=\"elementor-container elementor-column-gap-wider\">\n\t\t\t\t\t<div class=\"elementor-column elementor-col-100 elementor-inner-column elementor-element elementor-element-75119c0\" data-id=\"75119c0\" data-element_type=\"column\" data-e-type=\"column\">\n\t\t\t<div class=\"elementor-widget-wrap elementor-element-populated\">\n\t\t\t\t\t\t<div class=\"elementor-element elementor-element-b8813af elementor-widget elementor-widget-heading\" data-id=\"b8813af\" data-element_type=\"widget\" data-e-type=\"widget\" data-widget_type=\"heading.default\">\n\t\t\t\t\t<h2 class=\"elementor-heading-title elementor-size-default\">imk Health Intelligence<br>\n<small>Implementation concept for semi-automated quality assurance<\/small><\/h2>\t\t\t\t<\/div>\n\t\t\t\t<div class=\"elementor-element elementor-element-c34a2a1 elementor-widget elementor-widget-heading\" data-id=\"c34a2a1\" data-element_type=\"widget\" data-e-type=\"widget\" data-widget_type=\"heading.default\">\n\t\t\t\t\t<div class=\"elementor-heading-title elementor-size-default\">\"The implementation concept developed by imk for a semi-automated solution for the quality assurance of pharmaceutical medical devices has far exceeded our expectations. The imk presents itself as structured, creative and very well networked. In this way, the sympathetic team was able to give us valuable impulses for technological developments and, in addition to the concept, provide important insights and key figures regarding feasibility, risk assessment and cost calculation. Fully convinced by their competence, we are happy to remain imk's partner.\"\n\n<\/div>\t\t\t\t<\/div>\n\t\t\t\t<div class=\"elementor-element elementor-element-014a6af elementor-widget elementor-widget-text-editor\" data-id=\"014a6af\" data-element_type=\"widget\" data-e-type=\"widget\" data-widget_type=\"text-editor.default\">\n\t\t\t\t\t\t\t\t\t<p><strong>Jens Junker<br \/><\/strong>Managing Director \/ Managing Director<\/p><p><strong>ROTOP Pharmaka GmbH<\/strong><\/p>\t\t\t\t\t\t\t\t<\/div>\n\t\t\t\t<div class=\"elementor-element elementor-element-7142c12 elementor-widget elementor-widget-button\" data-id=\"7142c12\" data-element_type=\"widget\" data-e-type=\"widget\" data-widget_type=\"button.default\">\n\t\t\t\t\t\t\t\t\t\t<a class=\"elementor-button elementor-button-link elementor-size-sm\" href=\"https:\/\/imk-health-intelligence.de\/#references\" target=\"_blank\">\n\t\t\t\t\t\t<span class=\"elementor-button-content-wrapper\">\n\t\t\t\t\t\t<span class=\"elementor-button-icon\">\n\t\t\t\t<i aria-hidden=\"true\" class=\"far fa-external-link\"><\/i>\t\t\t<\/span>\n\t\t\t\t\t\t\t\t\t<span class=\"elementor-button-text\">Further references<\/span>\n\t\t\t\t\t<\/span>\n\t\t\t\t\t<\/a>\n\t\t\t\t\t\t\t\t<\/div>\n\t\t\t\t\t<\/div>\n\t\t<\/div>\n\t\t\t\t\t<\/div>\n\t\t<\/section>\n\t\t\t\t\t<\/div>\n\t\t<\/div>\n\t\t\t\t\t<\/div>\n\t\t<\/section>\n\t\t\t\t<\/div>","protected":false},"excerpt":{"rendered":"<p>Ausgew\u00e4hlte Success Stories, Use Cases und Kundenstimmen zu unseren Dienstleistungen und Softwarel\u00f6sungen. imk Industrial Intelligence Digitale Planung &#038; Ergonomie Virtuelle Arbeitsplatzgestaltung f\u00fcr die Montage des vollelektrischen Volkswagen ID.3 Planung eines zentrales Produktionsbereichs und virtuelle Arbeitsplatzgestaltung f\u00fcr die wertsch\u00f6pfende Integration von Besch\u00e4ftigten mit Einschr\u00e4nkungen in die Produktion.\u00a0 Ergebnisse: wertsch\u00f6pfende Arbeitsprozesse ergonomische Arbeitspl\u00e4tze ber\u00fccksichtigt T\u00e4tigkeitseinschr\u00e4nkungen virtuelle Absicherung [&hellip;]<\/p>\n","protected":false},"author":1,"featured_media":0,"parent":0,"menu_order":0,"comment_status":"closed","ping_status":"closed","template":"elementor_header_footer","meta":{"_acf_changed":false,"inline_featured_image":false,"footnotes":""},"class_list":["post-1523","page","type-page","status-publish","hentry"],"acf":[],"yoast_head":"<!-- This site is optimized with the Yoast SEO plugin v27.3 - https:\/\/yoast.com\/product\/yoast-seo-wordpress\/ -->\n<title>Referenzen | imk Intelligence Consortium<\/title>\n<meta name=\"robots\" content=\"index, follow, max-snippet:-1, max-image-preview:large, max-video-preview:-1\" \/>\n<link rel=\"canonical\" href=\"https:\/\/imk-ic.de\/en\/referenzen\/\" \/>\n<meta property=\"og:locale\" content=\"en_GB\" \/>\n<meta property=\"og:type\" content=\"article\" \/>\n<meta property=\"og:title\" content=\"Referenzen | imk Intelligence Consortium\" \/>\n<meta property=\"og:description\" content=\"Ausgew\u00e4hlte Success Stories, Use Cases und Kundenstimmen zu unseren Dienstleistungen und Softwarel\u00f6sungen. imk Industrial Intelligence Digitale Planung &#038; Ergonomie Virtuelle Arbeitsplatzgestaltung f\u00fcr die Montage des vollelektrischen Volkswagen ID.3 Planung eines zentrales Produktionsbereichs und virtuelle Arbeitsplatzgestaltung f\u00fcr die wertsch\u00f6pfende Integration von Besch\u00e4ftigten mit Einschr\u00e4nkungen in die Produktion.\u00a0 Ergebnisse: wertsch\u00f6pfende Arbeitsprozesse ergonomische Arbeitspl\u00e4tze ber\u00fccksichtigt T\u00e4tigkeitseinschr\u00e4nkungen virtuelle Absicherung [&hellip;]\" \/>\n<meta property=\"og:url\" content=\"https:\/\/imk-ic.de\/en\/referenzen\/\" \/>\n<meta property=\"og:site_name\" content=\"imk Intelligence Consortium\" \/>\n<meta property=\"article:modified_time\" content=\"2024-02-09T08:27:57+00:00\" \/>\n<meta name=\"twitter:card\" content=\"summary_large_image\" \/>\n<meta name=\"twitter:label1\" content=\"Estimated reading time\" \/>\n\t<meta name=\"twitter:data1\" content=\"2 minutes\" \/>\n<script type=\"application\/ld+json\" class=\"yoast-schema-graph\">{\"@context\":\"https:\\\/\\\/schema.org\",\"@graph\":[{\"@type\":\"WebPage\",\"@id\":\"https:\\\/\\\/imk-ic.de\\\/referenzen\\\/\",\"url\":\"https:\\\/\\\/imk-ic.de\\\/referenzen\\\/\",\"name\":\"Referenzen | imk Intelligence Consortium\",\"isPartOf\":{\"@id\":\"https:\\\/\\\/imk-ic.de\\\/#website\"},\"datePublished\":\"2022-07-06T13:13:32+00:00\",\"dateModified\":\"2024-02-09T08:27:57+00:00\",\"breadcrumb\":{\"@id\":\"https:\\\/\\\/imk-ic.de\\\/referenzen\\\/#breadcrumb\"},\"inLanguage\":\"en-GB\",\"potentialAction\":[{\"@type\":\"ReadAction\",\"target\":[\"https:\\\/\\\/imk-ic.de\\\/referenzen\\\/\"]}]},{\"@type\":\"BreadcrumbList\",\"@id\":\"https:\\\/\\\/imk-ic.de\\\/referenzen\\\/#breadcrumb\",\"itemListElement\":[{\"@type\":\"ListItem\",\"position\":1,\"name\":\"Home\",\"item\":\"https:\\\/\\\/imk-ic.de\\\/\"},{\"@type\":\"ListItem\",\"position\":2,\"name\":\"Referenzen\"}]},{\"@type\":\"WebSite\",\"@id\":\"https:\\\/\\\/imk-ic.de\\\/#website\",\"url\":\"https:\\\/\\\/imk-ic.de\\\/\",\"name\":\"imk Intelligence Consortium\",\"description\":\"Beratung, Entwicklung und Fertigung aus einer Hand.\",\"publisher\":{\"@id\":\"https:\\\/\\\/imk-ic.de\\\/#organization\"},\"potentialAction\":[{\"@type\":\"SearchAction\",\"target\":{\"@type\":\"EntryPoint\",\"urlTemplate\":\"https:\\\/\\\/imk-ic.de\\\/?s={search_term_string}\"},\"query-input\":{\"@type\":\"PropertyValueSpecification\",\"valueRequired\":true,\"valueName\":\"search_term_string\"}}],\"inLanguage\":\"en-GB\"},{\"@type\":\"Organization\",\"@id\":\"https:\\\/\\\/imk-ic.de\\\/#organization\",\"name\":\"imk Intelligence Consortium\",\"url\":\"https:\\\/\\\/imk-ic.de\\\/\",\"logo\":{\"@type\":\"ImageObject\",\"inLanguage\":\"en-GB\",\"@id\":\"https:\\\/\\\/imk-ic.de\\\/#\\\/schema\\\/logo\\\/image\\\/\",\"url\":\"https:\\\/\\\/imk-ic.de\\\/wp-content\\\/uploads\\\/2022\\\/04\\\/logo.svg\",\"contentUrl\":\"https:\\\/\\\/imk-ic.de\\\/wp-content\\\/uploads\\\/2022\\\/04\\\/logo.svg\",\"width\":712,\"height\":426,\"caption\":\"imk Intelligence Consortium\"},\"image\":{\"@id\":\"https:\\\/\\\/imk-ic.de\\\/#\\\/schema\\\/logo\\\/image\\\/\"}}]}<\/script>\n<!-- \/ Yoast SEO plugin. -->","yoast_head_json":{"title":"References | imk Intelligence Consortium","robots":{"index":"index","follow":"follow","max-snippet":"max-snippet:-1","max-image-preview":"max-image-preview:large","max-video-preview":"max-video-preview:-1"},"canonical":"https:\/\/imk-ic.de\/en\/referenzen\/","og_locale":"en_GB","og_type":"article","og_title":"Referenzen | imk Intelligence Consortium","og_description":"Ausgew\u00e4hlte Success Stories, Use Cases und Kundenstimmen zu unseren Dienstleistungen und Softwarel\u00f6sungen. imk Industrial Intelligence Digitale Planung &#038; Ergonomie Virtuelle Arbeitsplatzgestaltung f\u00fcr die Montage des vollelektrischen Volkswagen ID.3 Planung eines zentrales Produktionsbereichs und virtuelle Arbeitsplatzgestaltung f\u00fcr die wertsch\u00f6pfende Integration von Besch\u00e4ftigten mit Einschr\u00e4nkungen in die Produktion.\u00a0 Ergebnisse: wertsch\u00f6pfende Arbeitsprozesse ergonomische Arbeitspl\u00e4tze ber\u00fccksichtigt T\u00e4tigkeitseinschr\u00e4nkungen virtuelle Absicherung [&hellip;]","og_url":"https:\/\/imk-ic.de\/en\/referenzen\/","og_site_name":"imk Intelligence Consortium","article_modified_time":"2024-02-09T08:27:57+00:00","twitter_card":"summary_large_image","twitter_misc":{"Estimated reading time":"2 minutes"},"schema":{"@context":"https:\/\/schema.org","@graph":[{"@type":"WebPage","@id":"https:\/\/imk-ic.de\/referenzen\/","url":"https:\/\/imk-ic.de\/referenzen\/","name":"References | imk Intelligence Consortium","isPartOf":{"@id":"https:\/\/imk-ic.de\/#website"},"datePublished":"2022-07-06T13:13:32+00:00","dateModified":"2024-02-09T08:27:57+00:00","breadcrumb":{"@id":"https:\/\/imk-ic.de\/referenzen\/#breadcrumb"},"inLanguage":"en-GB","potentialAction":[{"@type":"ReadAction","target":["https:\/\/imk-ic.de\/referenzen\/"]}]},{"@type":"BreadcrumbList","@id":"https:\/\/imk-ic.de\/referenzen\/#breadcrumb","itemListElement":[{"@type":"ListItem","position":1,"name":"Home","item":"https:\/\/imk-ic.de\/"},{"@type":"ListItem","position":2,"name":"Referenzen"}]},{"@type":"WebSite","@id":"https:\/\/imk-ic.de\/#website","url":"https:\/\/imk-ic.de\/","name":"imk Intelligence Consortium","description":"Advice, development and production from a single source.","publisher":{"@id":"https:\/\/imk-ic.de\/#organization"},"potentialAction":[{"@type":"SearchAction","target":{"@type":"EntryPoint","urlTemplate":"https:\/\/imk-ic.de\/?s={search_term_string}"},"query-input":{"@type":"PropertyValueSpecification","valueRequired":true,"valueName":"search_term_string"}}],"inLanguage":"en-GB"},{"@type":"Organization","@id":"https:\/\/imk-ic.de\/#organization","name":"imk Intelligence Consortium","url":"https:\/\/imk-ic.de\/","logo":{"@type":"ImageObject","inLanguage":"en-GB","@id":"https:\/\/imk-ic.de\/#\/schema\/logo\/image\/","url":"https:\/\/imk-ic.de\/wp-content\/uploads\/2022\/04\/logo.svg","contentUrl":"https:\/\/imk-ic.de\/wp-content\/uploads\/2022\/04\/logo.svg","width":712,"height":426,"caption":"imk Intelligence Consortium"},"image":{"@id":"https:\/\/imk-ic.de\/#\/schema\/logo\/image\/"}}]}},"_links":{"self":[{"href":"https:\/\/imk-ic.de\/en\/wp-json\/wp\/v2\/pages\/1523","targetHints":{"allow":["GET"]}}],"collection":[{"href":"https:\/\/imk-ic.de\/en\/wp-json\/wp\/v2\/pages"}],"about":[{"href":"https:\/\/imk-ic.de\/en\/wp-json\/wp\/v2\/types\/page"}],"author":[{"embeddable":true,"href":"https:\/\/imk-ic.de\/en\/wp-json\/wp\/v2\/users\/1"}],"replies":[{"embeddable":true,"href":"https:\/\/imk-ic.de\/en\/wp-json\/wp\/v2\/comments?post=1523"}],"version-history":[{"count":55,"href":"https:\/\/imk-ic.de\/en\/wp-json\/wp\/v2\/pages\/1523\/revisions"}],"predecessor-version":[{"id":2700,"href":"https:\/\/imk-ic.de\/en\/wp-json\/wp\/v2\/pages\/1523\/revisions\/2700"}],"wp:attachment":[{"href":"https:\/\/imk-ic.de\/en\/wp-json\/wp\/v2\/media?parent=1523"}],"curies":[{"name":"wp","href":"https:\/\/api.w.org\/{rel}","templated":true}]}}